{"id":77,"date":"2019-07-20T00:15:36","date_gmt":"2019-07-20T00:15:36","guid":{"rendered":"https:\/\/rutheggel.mur.at\/?page_id=77"},"modified":"2023-10-19T00:28:44","modified_gmt":"2023-10-19T00:28:44","slug":"talks","status":"publish","type":"page","link":"https:\/\/rutheggel.mur.at\/index.php\/talks\/","title":{"rendered":"TALKS"},"content":{"rendered":"\n<p style=\"font-style:normal;font-weight:100\"><\/p>\n\n\n\n<ul class=\"wp-block-list\">\n<li><strong><em>2023 Das Technosoziale ist wie Bananenmilch. Lebensweltliche Verkn\u00fcpfungen von Digitalit\u00e4t und Materialit\u00e4t.<\/em><\/strong><em> W<\/em>orkshop with Barbara Frischling &amp; Victoria Huszka, Symposium: ACT!V!SM in memory and digital ethnography. 1-2.09.2023, Graz, Austria.<\/li>\n\n\n\n<li><em><strong>2023 Digital Gaming Matter: Verk\u00f6rperte virtuelle Welten<\/strong>. L<\/em>ecture series: Die Welt mit anderen Augen sehen: Why Anthropology matters, 29.06.2023, University of Bonn, Germany.<\/li>\n\n\n\n<li><em><strong>2023 A Place like Cyberspace. Verk\u00f6rperte Digitalit\u00e4ten bei Gaming Events.<\/strong> C<\/em>onference: Alltag der Digitalit\u00e4t, \u00f6gekw-Tagung, 18-20.05.2023, Klagenfurt, Austria.<\/li>\n\n\n\n<li><strong>2023 <em>Digitales Spiel\u2013Material: Gaming Events zwischen Virtualit\u00e4t und Materie<\/em><\/strong><em>. L<\/em>ecture series: Digitale Anthropologie: Exemplarische Felder und interdisziplin\u00e4re Schnittstellen, 27.04.2023, University of T\u00fcbingen, Germany.<\/li>\n\n\n\n<li><strong>2023 <em>Multi-pr\u00e4sentes Ethnografieren. Hybriden Gaming Events ethnografisch auf der Spur<\/em><\/strong>. Lecture series: Digital(it\u00e4t) ethnografieren? Methoden f\u00fcr den digitalen Alltag, 25.01.2023, University of Frankfurt (Main), Germany.<\/li>\n\n\n\n<li><strong>2022 <em>Digital Worlds \u201cIn-Between\u201d: Practicing Hybrid Futures at Computer Game Events.<\/em><\/strong><em> C<\/em>onference: Digital Futures in the Making: Imaginaries, Politics, and Materialities, 15.09.2022 &#8211; 16.09.2022 University of Hamburg, Germany.<\/li>\n\n\n\n<li><strong>2022 <em>Gamers\u2019 Play-Grounds. Practices of Play(ing) and Beyond at Video Game Events<\/em><\/strong><em>.<\/em> Online-conference: Video Games as a Common Ground, 2-3.9.2022, University of Zadar, Croatia.<\/li>\n\n\n\n<li><strong>2022 <em>(Gem)Einsam durch die Pandemie? Transformationen urbanen Lebens in Bonn<\/em><\/strong><em>,<\/em> with Valeska Flor and Victoria Huszka. Lecture series: Herausgefordertes Leben: Seuchen bei Menschen, Tieren, Pflanzen, 02.06.2022, University of W\u00fcrzburg, Germany.<\/li>\n\n\n\n<li><strong>2022&nbsp;&nbsp;<em>Embodying Gaming. Entangling virtual and actual at computer game festivals<\/em>,<\/strong> lecture, 03.05.2022, University of Zadar, Croatia.<\/li>\n\n\n\n<li><strong>2022 <em>Pandemische Stadt. Zeit-r\u00e4umliche Transformationen von urbanen Kulturen in und nach der Covid-19-Krise<\/em>.<\/strong> with Valeska Flor and Victoria Huszka. Conference: Zeit. Zur Temporalit\u00e4t von Kultur. 43.\u2009Kongress der Deutschen Gesellschaft \u200af\u00fcr \u200aEmpirische Kulturwissenschaft, 4.-7.04.2022, University of Regensburg, Germany.<\/li>\n\n\n\n<li><strong>2022 Unboxing Cyberspaces. Kulturanalyse digitaler R\u00e4ume. <\/strong>Lecture Series: null &amp; eins: Soziokulturelle Prozesse der Digitalisierung. 20.01.2022. Univeristy of Graz<\/li>\n\n\n\n<li><strong>2021 Digitalisierung im Alltag.<\/strong> Course: Einf\u00fchrungsvorlesung Europ\u00e4ische Ethnologie by Michaela Fenske. 24.11.2021. University of W\u00fcrzburg.<\/li>\n\n\n\n<li><strong>2021 BONN|ER|LEBEN. Streifz\u00fcge durch st\u00e4dtische Alltagskultur. <\/strong>Book presentation, 14.11.2021. studio_bnx, City Museum Bonn.<\/li>\n\n\n\n<li><strong>2021<\/strong> <strong>Bonndemic: Stadtgesellschaft in und nach der Pandemie. <\/strong>Projektvorstellung &amp; Ergebnisse (mit Valeska Flor u.a.) Abschlussveranstaltung des Projekts Bonndemic. 25.09.2021 Haus der Bildung, Bonn.<\/li>\n\n\n\n<li><strong>2021 \u201cBecoming Bigger than Myself\u201d. Embodying Digital Gaming between Ritual and Play.<\/strong> Conference of Societ\u00e9 Internationale d&#8217;Ethnologie et de Folklore (SIEF) 2021, Helsinki, Finland: 19-24 June 2021.<\/li>\n\n\n\n<li><strong>2021<\/strong> <strong>Was macht der Blog mit der Wissenschaft?<\/strong> Course: <em>Popul\u00e4re Kulturen online. Blogs, Podcasts und mehr<\/em>, by Eberhart Wolff. 05.05.2021. University of Basel.<\/li>\n\n\n\n<li><strong>2021 Serendipity und Lucky Chances \u2013 Playfulness im Event Kontext.<\/strong> Lecture Series: Playing Video Games, by Anne Dippel. 20.1.2021. University of Jena<\/li>\n\n\n\n<li><strong>2021 Digital Gaming Embodied. Ethnographic Serendipity and Lucky Chances at Gaming Events. <\/strong>RustLab Lectures: Data &amp; Experimentalism. 14.01.2021. Univeristy of Bochum.<\/li>\n\n\n\n<li><strong>2020<\/strong> <em><strong>\u201eBonndemic\u201c \u2013 Urbane Kulturen in der Pandemie.<\/strong><\/em> (mit: Jana Brass, Valeska Flor, Victoria Huska, Michaela Ressing, Jasmin Sina), Course: Post- | Endo- | Peri-Pandemsiche R\u00e4ume. Fotografische Erkundungen, by Maximilian Jablonowski. 27.10.2020. University of Zurich<\/li>\n\n\n\n<li><strong>2020 <em>T<\/em><\/strong><em><strong>r<\/strong><\/em><strong><em>uths about Gaming. Ethnographic perspectives on making a Gamer \u201conline\u201d and \u201coffline\u201d<\/em>, <\/strong>Conference: Digital Truth-Making. Ethnographic Perspectives on Practices, Infrastructures and Affordances of Truth-Making in Digital Societies, Berlin, 7.-10.10.2020<\/li>\n\n\n\n<li><strong>2020 &#8220;Exploring the \u201cIn-Between\u201d<\/strong>. <strong>Reflecting ethnographic methods at Gaming Events&#8221;<\/strong>. Conference: 16th EASA Biennial Conference, &#8220;New anthropological horizons in and beyond Europe&#8221;, Virtual Lisbon conference, ISCTE-University Institute of Lisbon and ICS-Institute of Social Sciences, University of Lisbon, 20-24 July 2020,<\/li>\n\n\n\n<li><strong>2020 \u201e<strong><em>Spiel_Material. Zur ,Middle-Zone\u2018 zwischen Medien und Materie<\/em><\/strong>&#8220;.<\/strong> DIS(S)-CONNECT II | Wie Medien uns trennen und verbinden. Interdisziplin\u00e4re Doktorand*innen-Tagung, University of Vienna 16-18.04.2020<\/li>\n\n\n\n<li><strong>2020 <em>Sp<\/em><\/strong><em><strong>iel-R\u00e4ume. Interferenzen von digitalen und materiellen Raum- und K\u00f6rpererfahrungen bei Gaming Events.<\/strong><\/em> Conference &#8220;Technocultures &amp; Technoscapes&#8221;, NKG XVII in Bonn 30.1.-1.2.2020<\/li>\n\n\n\n<li><strong>2019 \u201eBranding Gamers\u2018 Bodies: Verkn\u00fcpfungen  von Teilhabe und Konsum, Kommodifizierung und Agency im Kontext von  Massen Gaming Events\u201c<\/strong>, Conference \u201eWelt-Wissen-Gestalten\u201c der deutschen Gesellschaft f\u00fcr Volkskunde 2019, Hamburg 7-10.10.2019, <\/li>\n\n\n\n<li><strong>2019 \u201ereal.life.gaming.events.  Kulturanthropologische \u00dcberlegungen zu ambivalenten Gaming Praktiken  zwischen Krieg und Geborgenheit\u201c<\/strong>, PHD Symposium Fahnenflucht aus  digitalem Kriegsgebiet, Linz\/Donau 24.10.2019, <\/li>\n\n\n\n<li><strong>2019  \u201eGamers\u2018 Bodies &#8211; Die Produktion von Subjekt, K\u00f6rper und ,Immersion\u2018 als performierte Vergn\u00fcgungserfahrungen im Kontext von Gaming Events&#8221;. <\/strong> DIS(S)-CONNECT | Wie Medien uns trennen und verbinden.  Interdisziplin\u00e4re Doktorand*innen-Tagung am Institut f\u00fcr Film,-Theater-, Medien- und Kulturwissenschaft (FTMK) der Johannes Gutenberg-Universit\u00e4t Mainz, 25.\u201327. April 2019<\/li>\n\n\n\n<li><strong>2019 <em>&#8220;Doing Emoji: Performing the Emotional Self Online\u201c.<\/em> <\/strong>Mit Barbara Frischling. Conference of Societ\u00e9 Internationale d&#8217;Ethnologie et de Folklore (SIEF) 2019, Santiago de Compostela\/Spanien 14.-17-04.2019<\/li>\n\n\n\n<li><strong>2018 \u201eMapping Cyber-Spaces. Potentiale und Herausforderungen der Anwendung  von Mental Maps als Methode in digitalen online R\u00e4umen&#8221;. <\/strong>Forschungsdesign 4.0 \u2013  Datengenerierung und Wissenstransfer in interdisziplin\u00e4rer Perspektive, Dresden  19.04.2018\u201321.04.2018<\/li>\n\n\n\n<li><strong>2018 mit Barbara Frischling: \u00bbdoing emoji\u00ab Emotions-Praktiken im (digitalen) Alltag.<\/strong> Embedded Digitalities, Arbeitstagung der Kommission f\u00fcr digitalen Alltag der dgv, 5-7.04.2018 Basel<\/li>\n\n\n\n<li><strong>2017 mit Barbara Frischling: \u201eYOLO. Emojis and the Economisation of Emotions\u201c,<\/strong>  13th Conference of the European Sociological Association 2017, Athen 29 Aug. &#8211; 01  Sept. 2017<strong> <\/strong><\/li>\n\n\n\n<li><strong>2017  \u201eCyberSpaceTriad. A tool for researching digital spaces\u201d,<\/strong>  Posterpr\u00e4sentation und -diskussion. 16th Annual STS Conference, Critical Issues in Science, Technology and Society Studies, 8-9th May 2017 Graz<\/li>\n\n\n\n<li><strong>2016<\/strong> Moderator: <strong>\u201eFeminismus und Wissenschaft. Zwischen  Anspruch und Wirklichkeit\u201c,<\/strong> 19.12.2016, Institut f\u00fcr Philosophie, Uni Graz <\/li>\n\n\n\n<li><strong>2015 Anwendung qualitativer ethnografischer Forschungsmethoden<\/strong>, Course \u201eFortgeschrittene qualitative Methoden&#8221;, by Gerlinde Malli, 19.1.2015, Institut f\u00fcr Soziologie, Uni Graz<strong> <\/strong><\/li>\n\n\n\n<li><strong>2015 <\/strong>Moderator <strong>\u201e ,Short Radio Night&#8217; of Cultural Anthropolog<\/strong>y\u201c, 25-26.6.2015, ESC  medien kunst labor, Graz<strong> <\/strong><\/li>\n\n\n\n<li><strong>2014<\/strong> <strong>Nacht \u00fcebr Graz. <\/strong>Presentation at the Exhibition<strong> <\/strong>\u201cUeber G\u00e4nge. Exkursionen in eine vorgestellte Stadt.\u201d, ESC medien kunst labor Graz, 9.5. &#8211;  4.5.2014. <\/li>\n<\/ul>\n","protected":false},"excerpt":{"rendered":"<p>2023 A Place like Cyberspace. Verk\u00f6rperte Digitalit\u00e4ten bei Gaming Events. Conference: Alltag der Digitalit\u00e4t, \u00f6gekw-Tagung, 18-20.05.2023, Klagenfurt, Austria.<\/p>\n","protected":false},"author":1,"featured_media":186,"parent":0,"menu_order":0,"comment_status":"closed","ping_status":"closed","template":"","meta":{"footnotes":""},"class_list":["post-77","page","type-page","status-publish","has-post-thumbnail","hentry"],"_links":{"self":[{"href":"https:\/\/rutheggel.mur.at\/index.php\/wp-json\/wp\/v2\/pages\/77","targetHints":{"allow":["GET"]}}],"collection":[{"href":"https:\/\/rutheggel.mur.at\/index.php\/wp-json\/wp\/v2\/pages"}],"about":[{"href":"https:\/\/rutheggel.mur.at\/index.php\/wp-json\/wp\/v2\/types\/page"}],"author":[{"embeddable":true,"href":"https:\/\/rutheggel.mur.at\/index.php\/wp-json\/wp\/v2\/users\/1"}],"replies":[{"embeddable":true,"href":"https:\/\/rutheggel.mur.at\/index.php\/wp-json\/wp\/v2\/comments?post=77"}],"version-history":[{"count":11,"href":"https:\/\/rutheggel.mur.at\/index.php\/wp-json\/wp\/v2\/pages\/77\/revisions"}],"predecessor-version":[{"id":482,"href":"https:\/\/rutheggel.mur.at\/index.php\/wp-json\/wp\/v2\/pages\/77\/revisions\/482"}],"wp:featuredmedia":[{"embeddable":true,"href":"https:\/\/rutheggel.mur.at\/index.php\/wp-json\/wp\/v2\/media\/186"}],"wp:attachment":[{"href":"https:\/\/rutheggel.mur.at\/index.php\/wp-json\/wp\/v2\/media?parent=77"}],"curies":[{"name":"wp","href":"https:\/\/api.w.org\/{rel}","templated":true}]}}